{"id":69,"date":"2025-10-14T22:55:34","date_gmt":"2025-10-14T22:55:34","guid":{"rendered":"https:\/\/rentacargirona.com\/?page_id=69"},"modified":"2025-11-28T19:19:49","modified_gmt":"2025-11-28T19:19:49","slug":"politica-de-cancelacion","status":"publish","type":"page","link":"https:\/\/rentacargirona.com\/fr\/politica-de-cancelacion\/","title":{"rendered":"Politique d'annulation"},"content":{"rendered":"<div data-elementor-type=\"wp-page\" data-elementor-id=\"69\" class=\"elementor elementor-69\" data-elementor-post-type=\"page\">\n\t\t\t\t<div class=\"elementor-element elementor-element-3999f492 e-con-full e-flex e-con e-parent\" data-id=\"3999f492\" data-element_type=\"container\">\n\t\t\t\t<div class=\"elementor-element elementor-element-0681843 elementor-widget elementor-widget-spacer\" data-id=\"0681843\" data-element_type=\"widget\" data-widget_type=\"spacer.default\">\n\t\t\t\t\t\t\t<div class=\"elementor-spacer\">\n\t\t\t<div class=\"elementor-spacer-inner\"><\/div>\n\t\t<\/div>\n\t\t\t\t\t\t<\/div>\n\t\t\t\t<div class=\"elementor-element elementor-element-22f845fa elementor-widget elementor-widget-text-editor\" data-id=\"22f845fa\" data-element_type=\"widget\" data-widget_type=\"text-editor.default\">\n\t\t\t\t\t\t\t\t\t\n<p>\u00a0<\/p>\n<!-- Pol\u00edtica de Cancelaci\u00f3n - AlveGirona 2000 S.L. -->\n<section class=\"alvegirona-cancellation-policy\">\n<div class=\"container\">\n<h1>Politique d'annulation<\/h1>\n<p class=\"intro\">Dans <strong>AlveGirona<\/strong>, nous comprenons que les plans peuvent changer. C'est pourquoi nous proposons un <strong>politique d'annulation flexible et transparente<\/strong>, sans petites lignes ni surprises.<\/p>\n<p>Notre objectif est de vous donner <strong>tranquillit\u00e9 d'esprit d\u00e8s la r\u00e9servation<\/strong> jusqu'\u00e0 ce que vous rendiez la voiture.<\/p>\n<h2>Puis-je annuler ou modifier ma r\u00e9servation\u00a0?<\/h2>\n<p><strong>Ouais!<\/strong> Peut <strong>annuler ou modifier vos dates de location<\/strong> aucune complication.<\/p>\n<ul>\n<li><strong>Annulation gratuite<\/strong> jusqu'\u00e0 <strong>48 heures avant<\/strong> de la date de collecte.<\/li>\n<li><strong>Changements de dates<\/strong>: vous pouvez reprogrammer votre location sans frais suppl\u00e9mentaires, sous r\u00e9serve de disponibilit\u00e9.<\/li>\n<li>Si vous avez besoin d'aide, notre \u00e9quipe est disponible au <strong>Espagnol, anglais et fran\u00e7ais<\/strong>.<\/li>\n<\/ul>\n<p class=\"note\"><strong>Important:<\/strong> Les annulations effectu\u00e9es moins de 48 heures \u00e0 l'avance peuvent entra\u00eener des frais minimums (\u00e9quivalents \u00e0 une journ\u00e9e de location), sauf en cas de force majeure (vols annul\u00e9s, urgences m\u00e9dicales, etc.). Dans ce cas, veuillez nous contacter afin que nous trouvions une solution ensemble\u00a0!<\/p>\n<h2>Que se passe-t-il si mon vol est annul\u00e9 ou retard\u00e9\u00a0?<\/h2>\n<p>Ne t'inqui\u00e8te pas!<br \/>Si votre vol est annul\u00e9 ou consid\u00e9rablement retard\u00e9, <strong>Vous ne perdrez pas votre r\u00e9servation et vous n'aurez aucune p\u00e9nalit\u00e9 \u00e0 payer.<\/strong>Nous avons simplement besoin que vous nous pr\u00e9veniez le plus t\u00f4t possible et, si possible, que vous nous fournissiez le num\u00e9ro de vol.<\/p>\n<h2>Pourquoi nous faire confiance ?<\/h2>\n<p>Somos una <strong>entreprise locale de G\u00e9rone<\/strong>, pas une multinationale impersonnelle.<br \/>Cela signifie :<\/p>\n<ul>\n<li><strong>Traitement direct et humain<\/strong><\/li>\n<li><strong>Plus de files d'attente interminables \u00e0 l'a\u00e9roport<\/strong><\/li>\n<li><strong>Retrait en moins de 5 minutes<\/strong> \u00e0 l'a\u00e9roport de G\u00e9rone<\/li>\n<li><strong>Des prix clairs d\u00e8s le d\u00e9part<\/strong>: assurance de base, assistance 24h\/24, kilom\u00e9trage illimit\u00e9 et prise en charge\/d\u00e9pose \u00e0 l'a\u00e9roport <strong>compris<\/strong><\/li>\n<li><strong>Pas de frais cach\u00e9s<\/strong>: ce que vous voyez lors de la r\u00e9servation est ce que vous payez.<\/li>\n<\/ul>\n<h2>Avez-vous des questions concernant votre r\u00e9servation\u00a0?<\/h2>\n<p>Nous sommes l\u00e0 pour vous aider.<br \/>Vous pouvez nous contacter \u00e0 tout moment\u00a0:<\/p>\n<p><strong>Email:<\/strong> <a href=\"mailto:alvegirona@gmail.com\"> alvegirona@gmail.com<\/a><\/p>\n<p><strong>Langues\u00a0:<\/strong> Espagnol, anglais et fran\u00e7ais<\/p>\n<div class=\"highlight-box\">\n<p><strong>R\u00e9servez en toute s\u00e9r\u00e9nit\u00e9. Modifiez ou annulez sans stress. Conduisez en toute confiance.<\/strong><\/p>\n<p>Avec <strong>AlveGirona<\/strong>, vous ne louez pas simplement une voiture : vous louez <strong>du temps, du confort et de la tranquillit\u00e9 d'esprit<\/strong> pour profiter de la Costa Brava, des Pyr\u00e9n\u00e9es ou de votre escapade \u00e0 Barcelone.<\/p>\n<\/div>\n<\/div>\n<\/section>\n<p>\n.alvegirona-cancellation-policy {\n  font-family: -apple-system, BlinkMacSystemFont, \"Segoe UI\", Roboto, Oxygen, sans-serif;\n  line-height: 1.6;\n  color: #333;\n  max-width: 800px;\n  margin: 0 auto;\n  padding: 2rem 1rem;\n}\n.alvegirona-cancellation-policy h1 {\n  font-size: 2.2rem;\n  margin-bottom: 1.5rem;\n  color: #2F87FF;\n}\n.alvegirona-cancellation-policy h2 {\n  font-size: 1.5rem;\n  margin: 1.8rem 0 1rem;\n  color: #393939;\n}\n.alvegirona-cancellation-policy p,\n.alvegirona-cancellation-policy ul {\n  margin-bottom: 1rem;\n}\n.alvegirona-cancellation-policy .intro {\n  font-size: 1.1rem;\n  margin-bottom: 1.5rem;\n}\n.alvegirona-cancellation-policy .note {\n  background-color: #f8f9fa;\n  padding: 1rem;\n  border-left: 4px solid #2F87FF;\n  margin: 1.5rem 0;\n}\n.alvegirona-cancellation-policy .highlight-box {\n  background-color: #eef7ff;\n  border: 1px solid #d0e6ff;\n  border-radius: 8px;\n  padding: 1.5rem;\n  margin-top: 2rem;\n  text-align: center;\n}\n.alvegirona-cancellation-policy a {\n  color: #2F87FF;\n  text-decoration: none;\n}\n.alvegirona-cancellation-policy a:hover {\n  text-decoration: underline;\n}\n<\/p>\n\n<p>\u00a0<\/p>\n\t\t\t\t\t\t\t\t<\/div>\n\t\t\t\t<div class=\"elementor-element elementor-element-d8d09ee elementor-widget elementor-widget-spacer\" data-id=\"d8d09ee\" data-element_type=\"widget\" data-widget_type=\"spacer.default\">\n\t\t\t\t\t\t\t<div class=\"elementor-spacer\">\n\t\t\t<div class=\"elementor-spacer-inner\"><\/div>\n\t\t<\/div>\n\t\t\t\t\t\t<\/div>\n\t\t\t\t<\/div>\n\t\t\t\t<\/div>","protected":false},"excerpt":{"rendered":"<p>\u00a0 Pol\u00edtica de Cancelaci\u00f3n En AlveGirona, entendemos que los planes pueden cambiar. Por eso, ofrecemos una pol\u00edtica de cancelaci\u00f3n flexible y transparente, sin letras peque\u00f1as ni sorpresas. Nuestro objetivo es darte tranquilidad desde el momento en que reservas hasta que devuelves el coche. \u00bfPuedo cancelar o modificar mi reserva? \u00a1S\u00ed! Puedes cancelar o cambiar las [&hellip;]<\/p>","protected":false},"author":1,"featured_media":0,"parent":0,"menu_order":0,"comment_status":"closed","ping_status":"closed","template":"elementor_header_footer","meta":{"footnotes":""},"class_list":["post-69","page","type-page","status-publish","hentry"],"_hostinger_reach_plugin_has_subscription_block":false,"_hostinger_reach_plugin_is_elementor":false,"_links":{"self":[{"href":"https:\/\/rentacargirona.com\/fr\/wp-json\/wp\/v2\/pages\/69","targetHints":{"allow":["GET"]}}],"collection":[{"href":"https:\/\/rentacargirona.com\/fr\/wp-json\/wp\/v2\/pages"}],"about":[{"href":"https:\/\/rentacargirona.com\/fr\/wp-json\/wp\/v2\/types\/page"}],"author":[{"embeddable":true,"href":"https:\/\/rentacargirona.com\/fr\/wp-json\/wp\/v2\/users\/1"}],"replies":[{"embeddable":true,"href":"https:\/\/rentacargirona.com\/fr\/wp-json\/wp\/v2\/comments?post=69"}],"version-history":[{"count":15,"href":"https:\/\/rentacargirona.com\/fr\/wp-json\/wp\/v2\/pages\/69\/revisions"}],"predecessor-version":[{"id":2274,"href":"https:\/\/rentacargirona.com\/fr\/wp-json\/wp\/v2\/pages\/69\/revisions\/2274"}],"wp:attachment":[{"href":"https:\/\/rentacargirona.com\/fr\/wp-json\/wp\/v2\/media?parent=69"}],"curies":[{"name":"wp","href":"https:\/\/api.w.org\/{rel}","templated":true}]}}