{"id":64,"date":"2025-10-14T22:53:57","date_gmt":"2025-10-14T22:53:57","guid":{"rendered":"https:\/\/rentacargirona.com\/?page_id=64"},"modified":"2025-11-25T17:08:25","modified_gmt":"2025-11-25T17:08:25","slug":"reserva","status":"publish","type":"page","link":"https:\/\/rentacargirona.com\/fr\/reserva\/","title":{"rendered":"Mes r\u00e9servations"},"content":{"rendered":"<div data-elementor-type=\"wp-page\" data-elementor-id=\"64\" class=\"elementor elementor-64\" data-elementor-post-type=\"page\">\n\t\t\t\t<div class=\"elementor-element elementor-element-cda6067 e-flex e-con-boxed e-con e-parent\" data-id=\"cda6067\" data-element_type=\"container\">\n\t\t\t\t\t<div class=\"e-con-inner\">\n\t\t\t\t<div class=\"elementor-element elementor-element-3a3810f elementor-widget elementor-widget-heading\" data-id=\"3a3810f\" data-element_type=\"widget\" data-widget_type=\"heading.default\">\n\t\t\t\t\t<h1 class=\"elementor-heading-title elementor-size-default\">Mes r\u00e9servations<\/h1>\t\t\t\t<\/div>\n\t\t\t\t\t<\/div>\n\t\t\t\t<\/div>\n\t\t<div class=\"elementor-element elementor-element-3657015 e-flex e-con-boxed e-con e-parent\" data-id=\"3657015\" data-element_type=\"container\">\n\t\t\t\t\t<div class=\"e-con-inner\">\n\t\t\t\t<div class=\"elementor-element elementor-element-42a8caf e-my-account-tabs-vertical elementor-widget elementor-widget-woocommerce-my-account\" data-id=\"42a8caf\" data-element_type=\"widget\" data-widget_type=\"woocommerce-my-account.default\">\n\t\t\t\t\t<div class=\"e-my-account-tab e-my-account-tab__\">\t\t\t<div class=\"woocommerce\"><\/div>\t\t<\/div>\n\t\t\t\t\t\t<\/div>\n\t\t\t\t\t<\/div>\n\t\t\t\t<\/div>\n\t\t\t\t<\/div>","protected":false},"excerpt":{"rendered":"<p>Mis Reservas Panel Reservas Direcciones Detalles de la cuenta Cerrar Sesi\u00f3n Hola shyshkovmark@gmail.com (\u00bfno eres shyshkovmark@gmail.com? Cerrar sesi\u00f3n) Desde el escritorio de tu cuenta puedes ver tus pedidos recientes, gestionar tus direcciones de env\u00edo y facturaci\u00f3n y editar tu contrase\u00f1a y los detalles de tu cuenta.<\/p>","protected":false},"author":1,"featured_media":0,"parent":0,"menu_order":0,"comment_status":"closed","ping_status":"closed","template":"elementor_header_footer","meta":{"footnotes":""},"class_list":["post-64","page","type-page","status-publish","hentry"],"_hostinger_reach_plugin_has_subscription_block":false,"_hostinger_reach_plugin_is_elementor":false,"_links":{"self":[{"href":"https:\/\/rentacargirona.com\/fr\/wp-json\/wp\/v2\/pages\/64","targetHints":{"allow":["GET"]}}],"collection":[{"href":"https:\/\/rentacargirona.com\/fr\/wp-json\/wp\/v2\/pages"}],"about":[{"href":"https:\/\/rentacargirona.com\/fr\/wp-json\/wp\/v2\/types\/page"}],"author":[{"embeddable":true,"href":"https:\/\/rentacargirona.com\/fr\/wp-json\/wp\/v2\/users\/1"}],"replies":[{"embeddable":true,"href":"https:\/\/rentacargirona.com\/fr\/wp-json\/wp\/v2\/comments?post=64"}],"version-history":[{"count":14,"href":"https:\/\/rentacargirona.com\/fr\/wp-json\/wp\/v2\/pages\/64\/revisions"}],"predecessor-version":[{"id":2034,"href":"https:\/\/rentacargirona.com\/fr\/wp-json\/wp\/v2\/pages\/64\/revisions\/2034"}],"wp:attachment":[{"href":"https:\/\/rentacargirona.com\/fr\/wp-json\/wp\/v2\/media?parent=64"}],"curies":[{"name":"wp","href":"https:\/\/api.w.org\/{rel}","templated":true}]}}